{"id":691,"date":"2026-05-11T20:58:32","date_gmt":"2026-05-11T18:58:32","guid":{"rendered":"https:\/\/nutrinela.hr\/?post_type=product&#038;p=691"},"modified":"2026-05-11T21:12:31","modified_gmt":"2026-05-11T19:12:31","slug":"kuharica-zdravih-slastica-pdf","status":"publish","type":"product","link":"https:\/\/nutrinela.hr\/index.php\/product\/kuharica-zdravih-slastica-pdf\/","title":{"rendered":"Kuharica zdravih slastica PDF"},"content":{"rendered":"<p>U<em> Kuharici zdravih slastica<\/em> su recepti koji donose slatke radosti u desertima koji slijede na\u010dela zdrave prehrane. Spajaju u\u017eivanje u desertima s bogatstvom koje nam pru\u017ea priroda. Naglasak je na prirodnim zasla\u0111iva\u010dima koji su prava nutritivna blaga. Ostali sastojci obiluju vlaknima, proteinima i zdravim masno\u0107ama kako bi podr\u017eali na\u0161u probavu, dali osje\u0107aj sitosti, regulirali apetit, dali nam energiju i gradili na\u0161e mi\u0161i\u0107e. U kuharici \u0107ete prona\u0107i i neke recepte koji sadr\u017ee ksilitol u umjerenim koli\u010dinama uglavnom za tradicionalne slastice, ali bez \u0161e\u0107era, na primjer \u2013 krafne, makovnja\u010du i druge. Deserti su prilago\u0111eni dijabeti\u010darima, mnogi ne sadr\u017ee gluten i namijenjeni su svima koji \u017eele uravnote\u017een, cjelovit i ukusan desert.<\/p>\n","protected":false},"excerpt":{"rendered":"<p>U <em>Kuharici zdravih slastica<\/em> su recepti koji donose slatke radosti u desertima koji slijede na\u010dela zdrave prehrane. Deserti su prilago\u0111eni dijabeti\u010darima, mnogi ne sadr\u017ee gluten i namjenjeni su svima koji \u017eele uravnote\u017een, cjelovit i ukusan desert.<\/p>\n","protected":false},"featured_media":326,"comment_status":"open","ping_status":"closed","template":"","meta":{"_et_pb_use_builder":"","_et_pb_old_content":"","_et_gb_content_width":""},"product_brand":[],"product_cat":[93],"product_tag":[],"class_list":{"0":"post-691","1":"product","2":"type-product","3":"status-publish","4":"has-post-thumbnail","6":"product_cat-kuharice-pdf-izdanje","8":"first","9":"instock","10":"sale","11":"downloadable","12":"virtual","13":"purchasable","14":"product-type-simple"},"yoast_head":"<!-- This site is optimized with the Yoast SEO plugin v27.4 - https:\/\/yoast.com\/product\/yoast-seo-wordpress\/ -->\n<title>Kuharica zdravih slastica PDF - Nutrinela<\/title>\n<meta name=\"robots\" content=\"index, follow, max-snippet:-1, max-image-preview:large, max-video-preview:-1\" \/>\n<link rel=\"canonical\" href=\"https:\/\/nutrinela.hr\/index.php\/product\/kuharica-zdravih-slastica-pdf\/\" \/>\n<script type=\"application\/ld+json\" class=\"yoast-schema-graph\">{\"@context\":\"https:\\\/\\\/schema.org\",\"@graph\":[{\"@type\":\"WebPage\",\"@id\":\"https:\\\/\\\/nutrinela.hr\\\/index.php\\\/product\\\/kuharica-zdravih-slastica-pdf\\\/\",\"url\":\"https:\\\/\\\/nutrinela.hr\\\/index.php\\\/product\\\/kuharica-zdravih-slastica-pdf\\\/\",\"name\":\"Kuharica zdravih slastica PDF - Nutrinela\",\"isPartOf\":{\"@id\":\"https:\\\/\\\/nutrinela.hr\\\/#website\"},\"primaryImageOfPage\":{\"@id\":\"https:\\\/\\\/nutrinela.hr\\\/index.php\\\/product\\\/kuharica-zdravih-slastica-pdf\\\/#primaryimage\"},\"image\":{\"@id\":\"https:\\\/\\\/nutrinela.hr\\\/index.php\\\/product\\\/kuharica-zdravih-slastica-pdf\\\/#primaryimage\"},\"thumbnailUrl\":\"https:\\\/\\\/nutrinela.hr\\\/wp-content\\\/uploads\\\/2025\\\/11\\\/Naslovnica-deserti-scaled.jpg\",\"datePublished\":\"2026-05-11T18:58:32+00:00\",\"dateModified\":\"2026-05-11T19:12:31+00:00\",\"breadcrumb\":{\"@id\":\"https:\\\/\\\/nutrinela.hr\\\/index.php\\\/product\\\/kuharica-zdravih-slastica-pdf\\\/#breadcrumb\"},\"inLanguage\":\"en-US\",\"potentialAction\":[{\"@type\":\"ReadAction\",\"target\":[\"https:\\\/\\\/nutrinela.hr\\\/index.php\\\/product\\\/kuharica-zdravih-slastica-pdf\\\/\"]}]},{\"@type\":\"ImageObject\",\"inLanguage\":\"en-US\",\"@id\":\"https:\\\/\\\/nutrinela.hr\\\/index.php\\\/product\\\/kuharica-zdravih-slastica-pdf\\\/#primaryimage\",\"url\":\"https:\\\/\\\/nutrinela.hr\\\/wp-content\\\/uploads\\\/2025\\\/11\\\/Naslovnica-deserti-scaled.jpg\",\"contentUrl\":\"https:\\\/\\\/nutrinela.hr\\\/wp-content\\\/uploads\\\/2025\\\/11\\\/Naslovnica-deserti-scaled.jpg\",\"width\":2560,\"height\":2560},{\"@type\":\"BreadcrumbList\",\"@id\":\"https:\\\/\\\/nutrinela.hr\\\/index.php\\\/product\\\/kuharica-zdravih-slastica-pdf\\\/#breadcrumb\",\"itemListElement\":[{\"@type\":\"ListItem\",\"position\":1,\"name\":\"Home\",\"item\":\"https:\\\/\\\/nutrinela.hr\\\/\"},{\"@type\":\"ListItem\",\"position\":2,\"name\":\"Shop\",\"item\":\"https:\\\/\\\/nutrinela.hr\\\/index.php\\\/shop\\\/\"},{\"@type\":\"ListItem\",\"position\":3,\"name\":\"Kuharica zdravih slastica PDF\"}]},{\"@type\":\"WebSite\",\"@id\":\"https:\\\/\\\/nutrinela.hr\\\/#website\",\"url\":\"https:\\\/\\\/nutrinela.hr\\\/\",\"name\":\"Nutrinela\",\"description\":\"Zdravi deserti prilago\u0111eni dijabeti\u010darima.\",\"publisher\":{\"@id\":\"https:\\\/\\\/nutrinela.hr\\\/#\\\/schema\\\/person\\\/adb78c226f5e967d50d72ef10f31b777\"},\"potentialAction\":[{\"@type\":\"SearchAction\",\"target\":{\"@type\":\"EntryPoint\",\"urlTemplate\":\"https:\\\/\\\/nutrinela.hr\\\/?s={search_term_string}\"},\"query-input\":{\"@type\":\"PropertyValueSpecification\",\"valueRequired\":true,\"valueName\":\"search_term_string\"}}],\"inLanguage\":\"en-US\"},{\"@type\":[\"Person\",\"Organization\"],\"@id\":\"https:\\\/\\\/nutrinela.hr\\\/#\\\/schema\\\/person\\\/adb78c226f5e967d50d72ef10f31b777\",\"name\":\"Nela Va\u0161tag\",\"image\":{\"@type\":\"ImageObject\",\"inLanguage\":\"en-US\",\"@id\":\"https:\\\/\\\/nutrinela.hr\\\/wp-content\\\/uploads\\\/2025\\\/11\\\/Logo-Nutrinela-veci7-scaled.jpeg\",\"url\":\"https:\\\/\\\/nutrinela.hr\\\/wp-content\\\/uploads\\\/2025\\\/11\\\/Logo-Nutrinela-veci7-scaled.jpeg\",\"contentUrl\":\"https:\\\/\\\/nutrinela.hr\\\/wp-content\\\/uploads\\\/2025\\\/11\\\/Logo-Nutrinela-veci7-scaled.jpeg\",\"width\":2560,\"height\":1551,\"caption\":\"Nela Va\u0161tag\"},\"logo\":{\"@id\":\"https:\\\/\\\/nutrinela.hr\\\/wp-content\\\/uploads\\\/2025\\\/11\\\/Logo-Nutrinela-veci7-scaled.jpeg\"},\"sameAs\":[\"https:\\\/\\\/nutrinela.hr\\\/\",\"https:\\\/\\\/www.facebook.com\\\/profile.php?id=61579083865595\",\"https:\\\/\\\/www.instagram.com\\\/nutribynela\\\/\"]}]}<\/script>\n<!-- \/ Yoast SEO plugin. -->","yoast_head_json":{"title":"Kuharica zdravih slastica PDF - Nutrinela","robots":{"index":"index","follow":"follow","max-snippet":"max-snippet:-1","max-image-preview":"max-image-preview:large","max-video-preview":"max-video-preview:-1"},"canonical":"https:\/\/nutrinela.hr\/index.php\/product\/kuharica-zdravih-slastica-pdf\/","schema":{"@context":"https:\/\/schema.org","@graph":[{"@type":"WebPage","@id":"https:\/\/nutrinela.hr\/index.php\/product\/kuharica-zdravih-slastica-pdf\/","url":"https:\/\/nutrinela.hr\/index.php\/product\/kuharica-zdravih-slastica-pdf\/","name":"Kuharica zdravih slastica PDF - Nutrinela","isPartOf":{"@id":"https:\/\/nutrinela.hr\/#website"},"primaryImageOfPage":{"@id":"https:\/\/nutrinela.hr\/index.php\/product\/kuharica-zdravih-slastica-pdf\/#primaryimage"},"image":{"@id":"https:\/\/nutrinela.hr\/index.php\/product\/kuharica-zdravih-slastica-pdf\/#primaryimage"},"thumbnailUrl":"https:\/\/nutrinela.hr\/wp-content\/uploads\/2025\/11\/Naslovnica-deserti-scaled.jpg","datePublished":"2026-05-11T18:58:32+00:00","dateModified":"2026-05-11T19:12:31+00:00","breadcrumb":{"@id":"https:\/\/nutrinela.hr\/index.php\/product\/kuharica-zdravih-slastica-pdf\/#breadcrumb"},"inLanguage":"en-US","potentialAction":[{"@type":"ReadAction","target":["https:\/\/nutrinela.hr\/index.php\/product\/kuharica-zdravih-slastica-pdf\/"]}]},{"@type":"ImageObject","inLanguage":"en-US","@id":"https:\/\/nutrinela.hr\/index.php\/product\/kuharica-zdravih-slastica-pdf\/#primaryimage","url":"https:\/\/nutrinela.hr\/wp-content\/uploads\/2025\/11\/Naslovnica-deserti-scaled.jpg","contentUrl":"https:\/\/nutrinela.hr\/wp-content\/uploads\/2025\/11\/Naslovnica-deserti-scaled.jpg","width":2560,"height":2560},{"@type":"BreadcrumbList","@id":"https:\/\/nutrinela.hr\/index.php\/product\/kuharica-zdravih-slastica-pdf\/#breadcrumb","itemListElement":[{"@type":"ListItem","position":1,"name":"Home","item":"https:\/\/nutrinela.hr\/"},{"@type":"ListItem","position":2,"name":"Shop","item":"https:\/\/nutrinela.hr\/index.php\/shop\/"},{"@type":"ListItem","position":3,"name":"Kuharica zdravih slastica PDF"}]},{"@type":"WebSite","@id":"https:\/\/nutrinela.hr\/#website","url":"https:\/\/nutrinela.hr\/","name":"Nutrinela","description":"Zdravi deserti prilago\u0111eni dijabeti\u010darima.","publisher":{"@id":"https:\/\/nutrinela.hr\/#\/schema\/person\/adb78c226f5e967d50d72ef10f31b777"},"potentialAction":[{"@type":"SearchAction","target":{"@type":"EntryPoint","urlTemplate":"https:\/\/nutrinela.hr\/?s={search_term_string}"},"query-input":{"@type":"PropertyValueSpecification","valueRequired":true,"valueName":"search_term_string"}}],"inLanguage":"en-US"},{"@type":["Person","Organization"],"@id":"https:\/\/nutrinela.hr\/#\/schema\/person\/adb78c226f5e967d50d72ef10f31b777","name":"Nela Va\u0161tag","image":{"@type":"ImageObject","inLanguage":"en-US","@id":"https:\/\/nutrinela.hr\/wp-content\/uploads\/2025\/11\/Logo-Nutrinela-veci7-scaled.jpeg","url":"https:\/\/nutrinela.hr\/wp-content\/uploads\/2025\/11\/Logo-Nutrinela-veci7-scaled.jpeg","contentUrl":"https:\/\/nutrinela.hr\/wp-content\/uploads\/2025\/11\/Logo-Nutrinela-veci7-scaled.jpeg","width":2560,"height":1551,"caption":"Nela Va\u0161tag"},"logo":{"@id":"https:\/\/nutrinela.hr\/wp-content\/uploads\/2025\/11\/Logo-Nutrinela-veci7-scaled.jpeg"},"sameAs":["https:\/\/nutrinela.hr\/","https:\/\/www.facebook.com\/profile.php?id=61579083865595","https:\/\/www.instagram.com\/nutribynela\/"]}]}},"jetpack_sharing_enabled":true,"_links":{"self":[{"href":"https:\/\/nutrinela.hr\/index.php\/wp-json\/wp\/v2\/product\/691","targetHints":{"allow":["GET"]}}],"collection":[{"href":"https:\/\/nutrinela.hr\/index.php\/wp-json\/wp\/v2\/product"}],"about":[{"href":"https:\/\/nutrinela.hr\/index.php\/wp-json\/wp\/v2\/types\/product"}],"replies":[{"embeddable":true,"href":"https:\/\/nutrinela.hr\/index.php\/wp-json\/wp\/v2\/comments?post=691"}],"wp:featuredmedia":[{"embeddable":true,"href":"https:\/\/nutrinela.hr\/index.php\/wp-json\/wp\/v2\/media\/326"}],"wp:attachment":[{"href":"https:\/\/nutrinela.hr\/index.php\/wp-json\/wp\/v2\/media?parent=691"}],"wp:term":[{"taxonomy":"product_brand","embeddable":true,"href":"https:\/\/nutrinela.hr\/index.php\/wp-json\/wp\/v2\/product_brand?post=691"},{"taxonomy":"product_cat","embeddable":true,"href":"https:\/\/nutrinela.hr\/index.php\/wp-json\/wp\/v2\/product_cat?post=691"},{"taxonomy":"product_tag","embeddable":true,"href":"https:\/\/nutrinela.hr\/index.php\/wp-json\/wp\/v2\/product_tag?post=691"}],"curies":[{"name":"wp","href":"https:\/\/api.w.org\/{rel}","templated":true}]}}