{"id":693,"date":"2026-05-12T22:49:05","date_gmt":"2026-05-12T20:49:05","guid":{"rendered":"https:\/\/nutrinela.hr\/?post_type=product&#038;p=693"},"modified":"2026-05-12T22:49:05","modified_gmt":"2026-05-12T20:49:05","slug":"domaca-i-zdrava-peciva-za-svaki-dan-pdf","status":"publish","type":"product","link":"https:\/\/nutrinela.hr\/index.php\/product\/domaca-i-zdrava-peciva-za-svaki-dan-pdf\/","title":{"rendered":"Doma\u0107a i zdrava peciva za svaki dan PDF"},"content":{"rendered":"<p>U <em>Doma\u0107im i zdravim pecivima za svaki dan<\/em> su recepti za kruh i peciva za svakodnevni u\u017eitak bez brige. Omogu\u0107avaju u\u017eivanje u pecivima jer slijede na\u010dela zdrave prehrane. Imaju manje ugljikohidrata, vi\u0161e vlakana i proteina, te zdravije masno\u0107e. Ova ukusna i hranjiva peciva daju osje\u0107aj produ\u017eene sitosti, lak\u0161e su probavljiva, doprinose odr\u017eavanju optimalne tjelesne te\u017eine i pru\u017eaju niz nutritivnih prednosti za u\u017eitak doma, na poslu ili u \u0161koli jer su prikladna za svaki obrok i sve dobne skupine. Kruh i peciva koja \u0107ete prona\u0107i u ovoj kuharici su prilago\u0111ena dijabeti\u010dkoj prehrani i svima koji paze na unos koli\u010dine i vrste ugljikohidrata, te nas hrane na zdravi na\u010din.<\/p>\n","protected":false},"excerpt":{"rendered":"<p>U <em>Doma\u0107im i zdravim pecivima za svaki dan<\/em> su recepti za kruh i peciva za svakodnevni u\u017eitak bez brige. Kruh i peciva koja \u0107ete prona\u0107i u ovoj kuharici su prilago\u0111ena dijabeti\u010dkoj prehrani i svima koji paze na unos koli\u010dine i vrste ugljihohidrata, te nas hrane na zdrav na\u010din.<\/p>\n","protected":false},"featured_media":325,"comment_status":"closed","ping_status":"closed","template":"","meta":{"_et_pb_use_builder":"","_et_pb_old_content":"","_et_gb_content_width":""},"product_brand":[],"product_cat":[93],"product_tag":[],"class_list":{"0":"post-693","1":"product","2":"type-product","3":"status-publish","4":"has-post-thumbnail","6":"product_cat-kuharice-pdf-izdanje","8":"first","9":"instock","10":"sale","11":"downloadable","12":"shipping-taxable","13":"purchasable","14":"product-type-simple"},"jetpack_sharing_enabled":true,"_links":{"self":[{"href":"https:\/\/nutrinela.hr\/index.php\/wp-json\/wp\/v2\/product\/693","targetHints":{"allow":["GET"]}}],"collection":[{"href":"https:\/\/nutrinela.hr\/index.php\/wp-json\/wp\/v2\/product"}],"about":[{"href":"https:\/\/nutrinela.hr\/index.php\/wp-json\/wp\/v2\/types\/product"}],"replies":[{"embeddable":true,"href":"https:\/\/nutrinela.hr\/index.php\/wp-json\/wp\/v2\/comments?post=693"}],"wp:featuredmedia":[{"embeddable":true,"href":"https:\/\/nutrinela.hr\/index.php\/wp-json\/wp\/v2\/media\/325"}],"wp:attachment":[{"href":"https:\/\/nutrinela.hr\/index.php\/wp-json\/wp\/v2\/media?parent=693"}],"wp:term":[{"taxonomy":"product_brand","embeddable":true,"href":"https:\/\/nutrinela.hr\/index.php\/wp-json\/wp\/v2\/product_brand?post=693"},{"taxonomy":"product_cat","embeddable":true,"href":"https:\/\/nutrinela.hr\/index.php\/wp-json\/wp\/v2\/product_cat?post=693"},{"taxonomy":"product_tag","embeddable":true,"href":"https:\/\/nutrinela.hr\/index.php\/wp-json\/wp\/v2\/product_tag?post=693"}],"curies":[{"name":"wp","href":"https:\/\/api.w.org\/{rel}","templated":true}]}}