{"id":695,"date":"2026-05-12T22:48:39","date_gmt":"2026-05-12T20:48:39","guid":{"rendered":"https:\/\/nutrinela.hr\/?post_type=product&#038;p=695"},"modified":"2026-05-12T22:48:39","modified_gmt":"2026-05-12T20:48:39","slug":"prirodno-slatki-zivot-pdf","status":"publish","type":"product","link":"https:\/\/nutrinela.hr\/index.php\/product\/prirodno-slatki-zivot-pdf\/","title":{"rendered":"Prirodno slatki \u017eivot PDF"},"content":{"rendered":"<p>U kuharici <em>Prirodno slatki \u017eivot\u00a0<\/em>\u0107ete prona\u0107i \u010detrdeset divnih recepata za kola\u010de koji su zasla\u0111eni isklju\u010divo prirodnim zasla\u0111iva\u010dima. Uz ostale cjelovite sastojke bogate proteinima, vlaknima, te drugim va\u017enim nutrijentima ove slastice su same cjeloviti obrok za sve koji paze na svoju prehranu bez obzira na zdravstveno stanje i godine. U ovoj kuharici \u0107ete prona\u0107i recepte bez glutena, jaja i laktoze, idealne za vegansku prehranu, ali i niz zdravstvenih stanja koja nose ograni\u010denja u prehrani. Kombinacija sastojaka, bogatstvo vlakana i proteina, koji usporavaju apsorpciju \u0161e\u0107era u krv \u010dine ove slastice lako uklopljivim u dijabeti\u010dku dijetu te daju dugotrajnu sitost bez gri\u017enje savjesti.<\/p>\n","protected":false},"excerpt":{"rendered":"<p>Pomo\u0107u ove kuharice mo\u017eete otkriti kako slatko mo\u017ee biti cjeloviti, zdravi obrok. Ova kuharica nudi mogu\u0107nosti, a ne ograni\u010denja za sve koji biraju prirodne zasla\u0111iva\u010de i cjelovite sastojke te je idealna za odr\u017eivu i prilago\u0111enu prehranu.<\/p>\n","protected":false},"featured_media":697,"comment_status":"closed","ping_status":"closed","template":"","meta":{"_et_pb_use_builder":"","_et_pb_old_content":"","_et_gb_content_width":""},"product_brand":[],"product_cat":[93],"product_tag":[],"class_list":{"0":"post-695","1":"product","2":"type-product","3":"status-publish","4":"has-post-thumbnail","6":"product_cat-kuharice-pdf-izdanje","8":"first","9":"instock","10":"sale","11":"downloadable","12":"shipping-taxable","13":"purchasable","14":"product-type-simple"},"jetpack_sharing_enabled":true,"_links":{"self":[{"href":"https:\/\/nutrinela.hr\/index.php\/wp-json\/wp\/v2\/product\/695","targetHints":{"allow":["GET"]}}],"collection":[{"href":"https:\/\/nutrinela.hr\/index.php\/wp-json\/wp\/v2\/product"}],"about":[{"href":"https:\/\/nutrinela.hr\/index.php\/wp-json\/wp\/v2\/types\/product"}],"replies":[{"embeddable":true,"href":"https:\/\/nutrinela.hr\/index.php\/wp-json\/wp\/v2\/comments?post=695"}],"wp:featuredmedia":[{"embeddable":true,"href":"https:\/\/nutrinela.hr\/index.php\/wp-json\/wp\/v2\/media\/697"}],"wp:attachment":[{"href":"https:\/\/nutrinela.hr\/index.php\/wp-json\/wp\/v2\/media?parent=695"}],"wp:term":[{"taxonomy":"product_brand","embeddable":true,"href":"https:\/\/nutrinela.hr\/index.php\/wp-json\/wp\/v2\/product_brand?post=695"},{"taxonomy":"product_cat","embeddable":true,"href":"https:\/\/nutrinela.hr\/index.php\/wp-json\/wp\/v2\/product_cat?post=695"},{"taxonomy":"product_tag","embeddable":true,"href":"https:\/\/nutrinela.hr\/index.php\/wp-json\/wp\/v2\/product_tag?post=695"}],"curies":[{"name":"wp","href":"https:\/\/api.w.org\/{rel}","templated":true}]}}